{"id":2250,"date":"2020-01-23T15:32:12","date_gmt":"2020-01-23T15:32:12","guid":{"rendered":"http:\/\/diegobormida.com\/?page_id=2250"},"modified":"2021-11-07T20:37:19","modified_gmt":"2021-11-07T20:37:19","slug":"grand-princessrefit-bahmas","status":"publish","type":"page","link":"https:\/\/diegobormida.com\/OLD\/grand-princessrefit-bahmas\/","title":{"rendered":"Grand Princess refit &#8211; Bahmas"},"content":{"rendered":"\t\t<div data-elementor-type=\"wp-page\" data-elementor-id=\"2250\" class=\"elementor elementor-2250\">\n\t\t\t\t\t\t<section class=\"elementor-section elementor-top-section elementor-element elementor-element-cfdaa75 elementor-section-boxed elementor-section-height-default elementor-section-height-default\" data-id=\"cfdaa75\" data-element_type=\"section\" data-e-type=\"section\">\n\t\t\t\t\t\t<div class=\"elementor-container elementor-column-gap-default\">\n\t\t\t\t\t<div class=\"elementor-column elementor-col-100 elementor-top-column elementor-element elementor-element-afbb859\" data-id=\"afbb859\" data-element_type=\"column\" data-e-type=\"column\">\n\t\t\t<div class=\"elementor-widget-wrap elementor-element-populated\">\n\t\t\t\t\t\t<div class=\"elementor-element elementor-element-49e0ba5 elementor-widget elementor-widget-heading\" data-id=\"49e0ba5\" data-element_type=\"widget\" data-e-type=\"widget\" data-widget_type=\"heading.default\">\n\t\t\t\t<div class=\"elementor-widget-container\">\n\t\t\t\t\t<h2 class=\"elementor-heading-title elementor-size-xxl\">Grand Princess Refit - Bahamas<\/h2>\t\t\t\t<\/div>\n\t\t\t\t<\/div>\n\t\t\t\t\t<\/div>\n\t\t<\/div>\n\t\t\t\t\t<\/div>\n\t\t<\/section>\n\t\t\t\t<section class=\"elementor-section elementor-top-section elementor-element elementor-element-5db9d5b6 elementor-section-full_width elementor-section-height-default elementor-section-height-default\" data-id=\"5db9d5b6\" data-element_type=\"section\" data-e-type=\"section\" data-settings=\"{&quot;background_background&quot;:&quot;classic&quot;}\">\n\t\t\t\t\t\t<div class=\"elementor-container elementor-column-gap-default\">\n\t\t\t\t\t<div class=\"elementor-column elementor-col-33 elementor-top-column elementor-element elementor-element-b44f491\" data-id=\"b44f491\" data-element_type=\"column\" data-e-type=\"column\">\n\t\t\t<div class=\"elementor-widget-wrap elementor-element-populated\">\n\t\t\t\t\t\t<div class=\"elementor-element elementor-element-36eac099 elementor-widget elementor-widget-image\" data-id=\"36eac099\" data-element_type=\"widget\" data-e-type=\"widget\" data-widget_type=\"image.default\">\n\t\t\t\t<div class=\"elementor-widget-container\">\n\t\t\t\t\t\t\t\t\t\t\t\t\t\t\t<img fetchpriority=\"high\" decoding=\"async\" width=\"594\" height=\"343\" src=\"https:\/\/diegobormida.com\/OLD\/wp-content\/uploads\/2020\/01\/grand-princess-refit-bahamas-restauro-restoration-00_ua27ifa2.jpg\" class=\"attachment-large size-large wp-image-2361\" alt=\"\" srcset=\"https:\/\/diegobormida.com\/OLD\/wp-content\/uploads\/2020\/01\/grand-princess-refit-bahamas-restauro-restoration-00_ua27ifa2.jpg 594w, https:\/\/diegobormida.com\/OLD\/wp-content\/uploads\/2020\/01\/grand-princess-refit-bahamas-restauro-restoration-00_ua27ifa2-300x173.jpg 300w\" sizes=\"(max-width: 594px) 100vw, 594px\" \/>\t\t\t\t\t\t\t\t\t\t\t\t\t\t\t<\/div>\n\t\t\t\t<\/div>\n\t\t\t\t\t<\/div>\n\t\t<\/div>\n\t\t\t\t<div class=\"elementor-column elementor-col-66 elementor-top-column elementor-element elementor-element-47776bfb\" data-id=\"47776bfb\" data-element_type=\"column\" data-e-type=\"column\">\n\t\t\t<div class=\"elementor-widget-wrap elementor-element-populated\">\n\t\t\t\t\t\t<div class=\"elementor-element elementor-element-4f15c881 elementor-widget elementor-widget-text-editor\" data-id=\"4f15c881\" data-element_type=\"widget\" data-e-type=\"widget\" data-widget_type=\"text-editor.default\">\n\t\t\t\t<div class=\"elementor-widget-container\">\n\t\t\t\t\t\t\t\t\t<p><i><b>Grand Princess<\/b><\/i>\u00a0is a\u00a0<a title=\"Grand-class cruise ship\" href=\"https:\/\/en.wikipedia.org\/wiki\/Grand-class_cruise_ship\"><i>Grand<\/i>-class<\/a>\u00a0<a title=\"Cruise ship\" href=\"https:\/\/en.wikipedia.org\/wiki\/Cruise_ship\">cruise ship<\/a>\u00a0owned by\u00a0<a title=\"Princess Cruises\" href=\"https:\/\/en.wikipedia.org\/wiki\/Princess_Cruises\">Princess Cruises<\/a>. It was built in 1998 by\u00a0<a title=\"Fincantieri\" href=\"https:\/\/en.wikipedia.org\/wiki\/Fincantieri\">Fincantieri<\/a>\u00a0Cantieri Navali Italiani in\u00a0<a title=\"\" href=\"https:\/\/en.wikipedia.org\/wiki\/Monfalcone\">Monfalcone<\/a>, Italy, with\u00a0<a class=\"mw-redirect\" title=\"Yard number\" href=\"https:\/\/en.wikipedia.org\/wiki\/Yard_number\">yard number<\/a>\u00a05956, at a cost of approximately US$450 million. She was the largest and most expensive passenger ship ever built at the time.\u00a0<i>Grand Princess<\/i>\u00a0was the\u00a0<a title=\"Flagship\" href=\"https:\/\/en.wikipedia.org\/wiki\/Flagship\">flagship<\/a>\u00a0in the\u00a0<a title=\"Princess Cruises\" href=\"https:\/\/en.wikipedia.org\/wiki\/Princess_Cruises\">Princess Cruises<\/a>\u00a0fleet until the new\u00a0<a class=\"mw-redirect\" title=\"Royal Princess (2013)\" href=\"https:\/\/en.wikipedia.org\/wiki\/Royal_Princess_(2013)\"><i>Royal Princess<\/i><\/a>\u00a0took that title in June 2013.<\/p>\t\t\t\t\t\t\t\t<\/div>\n\t\t\t\t<\/div>\n\t\t\t\t<div class=\"elementor-element elementor-element-98fbbcb elementor-widget elementor-widget-text-editor\" data-id=\"98fbbcb\" data-element_type=\"widget\" data-e-type=\"widget\" data-widget_type=\"text-editor.default\">\n\t\t\t\t<div class=\"elementor-widget-container\">\n\t\t\t\t\t\t\t\t\t<p><em>Grand Princess \u00e8 una nave da crociera di classe Grand, di propriet\u00e0 di Princess Cruises. \u00c8 stato costruito nel 1998 da Fincantieri ,Cantieri Navali Italiani, a Monfalcone, in Italia, con il numero di cantiere 5956, ad un costo di circa 450 milioni di dollari. Era la nave passeggeri pi\u00f9 grande e pi\u00f9 costosa mai costruita all&#8217;epoca. Grand Princess \u00e8 stata l&#8217;ammiraglia della flotta Princess Cruises fino a quando la nuova Royal Princess ha preso quel titolo nel giugno 2013.<\/em><\/p>\t\t\t\t\t\t\t\t<\/div>\n\t\t\t\t<\/div>\n\t\t\t\t\t<\/div>\n\t\t<\/div>\n\t\t\t\t\t<\/div>\n\t\t<\/section>\n\t\t\t\t<section class=\"elementor-section elementor-top-section elementor-element elementor-element-42505360 elementor-section-full_width elementor-section-height-default elementor-section-height-default\" data-id=\"42505360\" data-element_type=\"section\" data-e-type=\"section\" data-settings=\"{&quot;background_background&quot;:&quot;classic&quot;}\">\n\t\t\t\t\t\t<div class=\"elementor-container elementor-column-gap-no\">\n\t\t\t\t\t<div class=\"elementor-column elementor-col-100 elementor-top-column elementor-element elementor-element-49895c71\" data-id=\"49895c71\" data-element_type=\"column\" data-e-type=\"column\">\n\t\t\t<div class=\"elementor-widget-wrap elementor-element-populated\">\n\t\t\t\t\t\t<div class=\"elementor-element elementor-element-a705db3 elementor-widget elementor-widget-heading\" data-id=\"a705db3\" data-element_type=\"widget\" data-e-type=\"widget\" data-widget_type=\"heading.default\">\n\t\t\t\t<div class=\"elementor-widget-container\">\n\t\t\t\t\t<h2 class=\"elementor-heading-title elementor-size-large\">Hand painted decoration and painting restoration<\/h2>\t\t\t\t<\/div>\n\t\t\t\t<\/div>\n\t\t\t\t<div class=\"elementor-element elementor-element-582f38e7 elementor-arrows-position-inside elementor-pagination-position-outside elementor-widget elementor-widget-image-carousel\" data-id=\"582f38e7\" data-element_type=\"widget\" data-e-type=\"widget\" data-settings=\"{&quot;slides_to_show&quot;:&quot;6&quot;,&quot;navigation&quot;:&quot;both&quot;,&quot;autoplay&quot;:&quot;yes&quot;,&quot;pause_on_hover&quot;:&quot;yes&quot;,&quot;pause_on_interaction&quot;:&quot;yes&quot;,&quot;autoplay_speed&quot;:5000,&quot;infinite&quot;:&quot;yes&quot;,&quot;speed&quot;:500,&quot;image_spacing_custom&quot;:{&quot;unit&quot;:&quot;px&quot;,&quot;size&quot;:20,&quot;sizes&quot;:[]},&quot;image_spacing_custom_tablet&quot;:{&quot;unit&quot;:&quot;px&quot;,&quot;size&quot;:&quot;&quot;,&quot;sizes&quot;:[]},&quot;image_spacing_custom_mobile&quot;:{&quot;unit&quot;:&quot;px&quot;,&quot;size&quot;:&quot;&quot;,&quot;sizes&quot;:[]}}\" data-widget_type=\"image-carousel.default\">\n\t\t\t\t<div class=\"elementor-widget-container\">\n\t\t\t\t\t\t\t<div class=\"elementor-image-carousel-wrapper swiper\" role=\"region\" aria-roledescription=\"carousel\" aria-label=\"Carosello d&#039;immagini\" dir=\"ltr\">\n\t\t\t<div class=\"elementor-image-carousel swiper-wrapper swiper-image-stretch\" aria-live=\"off\">\n\t\t\t\t\t\t\t\t<div class=\"swiper-slide\" role=\"group\" aria-roledescription=\"slide\" aria-label=\"1 di 7\"><a data-elementor-open-lightbox=\"yes\" data-elementor-lightbox-slideshow=\"582f38e7\" data-e-action-hash=\"#elementor-action%3Aaction%3Dlightbox%26settings%3DeyJpZCI6MjM2MiwidXJsIjoiaHR0cHM6XC9cL2RpZWdvYm9ybWlkYS5jb21cL09MRFwvd3AtY29udGVudFwvdXBsb2Fkc1wvMjAyMFwvMDFcL2dyYW5kLXByaW5jZXNzLXJlZml0LWJhaGFtYXMtcmVzdGF1cm8tcmVzdG9yYXRpb24tMDFfdWEyN2lmYTIuanBnIiwic2xpZGVzaG93IjoiNTgyZjM4ZTcifQ%3D%3D\" href=\"https:\/\/diegobormida.com\/OLD\/wp-content\/uploads\/2020\/01\/grand-princess-refit-bahamas-restauro-restoration-01_ua27ifa2.jpg\"><figure class=\"swiper-slide-inner\"><img decoding=\"async\" class=\"swiper-slide-image\" src=\"https:\/\/diegobormida.com\/OLD\/wp-content\/uploads\/2020\/01\/grand-princess-refit-bahamas-restauro-restoration-01_ua27ifa2-150x150.jpg\" alt=\"grand-princess-refit-bahamas-restauro-restoration-01_ua27ifa2\" \/><\/figure><\/a><\/div><div class=\"swiper-slide\" role=\"group\" aria-roledescription=\"slide\" aria-label=\"2 di 7\"><a data-elementor-open-lightbox=\"yes\" data-elementor-lightbox-slideshow=\"582f38e7\" data-e-action-hash=\"#elementor-action%3Aaction%3Dlightbox%26settings%3DeyJpZCI6MjM2MywidXJsIjoiaHR0cHM6XC9cL2RpZWdvYm9ybWlkYS5jb21cL09MRFwvd3AtY29udGVudFwvdXBsb2Fkc1wvMjAyMFwvMDFcL2dyYW5kLXByaW5jZXNzLXJlZml0LWJhaGFtYXMtcmVzdGF1cm8tcmVzdG9yYXRpb24tMDUuanBnIiwic2xpZGVzaG93IjoiNTgyZjM4ZTcifQ%3D%3D\" href=\"https:\/\/diegobormida.com\/OLD\/wp-content\/uploads\/2020\/01\/grand-princess-refit-bahamas-restauro-restoration-05.jpg\"><figure class=\"swiper-slide-inner\"><img decoding=\"async\" class=\"swiper-slide-image\" src=\"https:\/\/diegobormida.com\/OLD\/wp-content\/uploads\/2020\/01\/grand-princess-refit-bahamas-restauro-restoration-05-150x150.jpg\" alt=\"grand-princess-refit-bahamas-restauro-restoration-05\" \/><\/figure><\/a><\/div><div class=\"swiper-slide\" role=\"group\" aria-roledescription=\"slide\" aria-label=\"3 di 7\"><a data-elementor-open-lightbox=\"yes\" data-elementor-lightbox-slideshow=\"582f38e7\" data-e-action-hash=\"#elementor-action%3Aaction%3Dlightbox%26settings%3DeyJpZCI6MjM2NSwidXJsIjoiaHR0cHM6XC9cL2RpZWdvYm9ybWlkYS5jb21cL09MRFwvd3AtY29udGVudFwvdXBsb2Fkc1wvMjAyMFwvMDFcL2dyYW5kLXByaW5jZXNzLXJlZml0LWJhaGFtYXMtcmVzdGF1cm8tcmVzdG9yYXRpb24tZGllZ28tYm9ybWlkYS1hcnRpc3QtMDNfeDYzMjdrMTUuanBnIiwic2xpZGVzaG93IjoiNTgyZjM4ZTcifQ%3D%3D\" href=\"https:\/\/diegobormida.com\/OLD\/wp-content\/uploads\/2020\/01\/grand-princess-refit-bahamas-restauro-restoration-diego-bormida-artist-03_x6327k15.jpg\"><figure class=\"swiper-slide-inner\"><img decoding=\"async\" class=\"swiper-slide-image\" src=\"https:\/\/diegobormida.com\/OLD\/wp-content\/uploads\/2020\/01\/grand-princess-refit-bahamas-restauro-restoration-diego-bormida-artist-03_x6327k15-150x150.jpg\" alt=\"grand-princess-refit-bahamas-restauro-restoration-diego-bormida-artist-03_x6327k15\" \/><\/figure><\/a><\/div><div class=\"swiper-slide\" role=\"group\" aria-roledescription=\"slide\" aria-label=\"4 di 7\"><a data-elementor-open-lightbox=\"yes\" data-elementor-lightbox-slideshow=\"582f38e7\" data-e-action-hash=\"#elementor-action%3Aaction%3Dlightbox%26settings%3DeyJpZCI6MjM2NiwidXJsIjoiaHR0cHM6XC9cL2RpZWdvYm9ybWlkYS5jb21cL09MRFwvd3AtY29udGVudFwvdXBsb2Fkc1wvMjAyMFwvMDFcL2dyYW5kLXByaW5jZXNzLXJlZml0LWJhaGFtYXMtcmVzdGF1cm8tcmVzdG9yYXRpb24tZGllZ28tYm9ybWlkYS1hcnRpc3QtMDVfNWJpaDY4NDUuanBnIiwic2xpZGVzaG93IjoiNTgyZjM4ZTcifQ%3D%3D\" href=\"https:\/\/diegobormida.com\/OLD\/wp-content\/uploads\/2020\/01\/grand-princess-refit-bahamas-restauro-restoration-diego-bormida-artist-05_5bih6845.jpg\"><figure class=\"swiper-slide-inner\"><img decoding=\"async\" class=\"swiper-slide-image\" src=\"https:\/\/diegobormida.com\/OLD\/wp-content\/uploads\/2020\/01\/grand-princess-refit-bahamas-restauro-restoration-diego-bormida-artist-05_5bih6845-150x150.jpg\" alt=\"grand-princess-refit-bahamas-restauro-restoration-diego-bormida-artist-05_5bih6845\" \/><\/figure><\/a><\/div><div class=\"swiper-slide\" role=\"group\" aria-roledescription=\"slide\" aria-label=\"5 di 7\"><a data-elementor-open-lightbox=\"yes\" data-elementor-lightbox-slideshow=\"582f38e7\" data-e-action-hash=\"#elementor-action%3Aaction%3Dlightbox%26settings%3DeyJpZCI6MjM2NCwidXJsIjoiaHR0cHM6XC9cL2RpZWdvYm9ybWlkYS5jb21cL09MRFwvd3AtY29udGVudFwvdXBsb2Fkc1wvMjAyMFwvMDFcL2dyYW5kLXByaW5jZXNzLXJlZml0LWJhaGFtYXMtcmVzdGF1cm8tcmVzdG9yYXRpb24tZGllZ28tYm9ybWlkYS1hcnRpc3QtMDBfeDYzMjdrMTUuanBnIiwic2xpZGVzaG93IjoiNTgyZjM4ZTcifQ%3D%3D\" href=\"https:\/\/diegobormida.com\/OLD\/wp-content\/uploads\/2020\/01\/grand-princess-refit-bahamas-restauro-restoration-diego-bormida-artist-00_x6327k15.jpg\"><figure class=\"swiper-slide-inner\"><img decoding=\"async\" class=\"swiper-slide-image\" src=\"https:\/\/diegobormida.com\/OLD\/wp-content\/uploads\/2020\/01\/grand-princess-refit-bahamas-restauro-restoration-diego-bormida-artist-00_x6327k15-150x150.jpg\" alt=\"grand-princess-refit-bahamas-restauro-restoration-diego-bormida-artist-00_x6327k15\" \/><\/figure><\/a><\/div><div class=\"swiper-slide\" role=\"group\" aria-roledescription=\"slide\" aria-label=\"6 di 7\"><a data-elementor-open-lightbox=\"yes\" data-elementor-lightbox-slideshow=\"582f38e7\" data-e-action-hash=\"#elementor-action%3Aaction%3Dlightbox%26settings%3DeyJpZCI6MjM2NywidXJsIjoiaHR0cHM6XC9cL2RpZWdvYm9ybWlkYS5jb21cL09MRFwvd3AtY29udGVudFwvdXBsb2Fkc1wvMjAyMFwvMDFcL2dyYW5kLXByaW5jZXNzLXJlZml0LWJhaGFtYXMtcmVzdGF1cm8tcmVzdG9yYXRpb24tZGllZ28tYm9ybWlkYS1hcnRpc3QtMDZfNWJpaDY4NDUuanBnIiwic2xpZGVzaG93IjoiNTgyZjM4ZTcifQ%3D%3D\" href=\"https:\/\/diegobormida.com\/OLD\/wp-content\/uploads\/2020\/01\/grand-princess-refit-bahamas-restauro-restoration-diego-bormida-artist-06_5bih6845.jpg\"><figure class=\"swiper-slide-inner\"><img decoding=\"async\" class=\"swiper-slide-image\" src=\"https:\/\/diegobormida.com\/OLD\/wp-content\/uploads\/2020\/01\/grand-princess-refit-bahamas-restauro-restoration-diego-bormida-artist-06_5bih6845-150x150.jpg\" alt=\"grand-princess-refit-bahamas-restauro-restoration-diego-bormida-artist-06_5bih6845\" \/><\/figure><\/a><\/div><div class=\"swiper-slide\" role=\"group\" aria-roledescription=\"slide\" aria-label=\"7 di 7\"><a data-elementor-open-lightbox=\"yes\" data-elementor-lightbox-slideshow=\"582f38e7\" data-e-action-hash=\"#elementor-action%3Aaction%3Dlightbox%26settings%3DeyJpZCI6MjM2OSwidXJsIjoiaHR0cHM6XC9cL2RpZWdvYm9ybWlkYS5jb21cL09MRFwvd3AtY29udGVudFwvdXBsb2Fkc1wvMjAyMFwvMDFcL2dyYW5kLXByaW5jZXNzLXJlZml0LWJhaGFtYXMtcmVzdGF1cm8tcmVzdG9yYXRpb24tZGllZ28tYm9ybWlkYS1hcnRpc3QtMDdfNWJpaDY4NDUuanBnIiwic2xpZGVzaG93IjoiNTgyZjM4ZTcifQ%3D%3D\" href=\"https:\/\/diegobormida.com\/OLD\/wp-content\/uploads\/2020\/01\/grand-princess-refit-bahamas-restauro-restoration-diego-bormida-artist-07_5bih6845.jpg\"><figure class=\"swiper-slide-inner\"><img decoding=\"async\" class=\"swiper-slide-image\" src=\"https:\/\/diegobormida.com\/OLD\/wp-content\/uploads\/2020\/01\/grand-princess-refit-bahamas-restauro-restoration-diego-bormida-artist-07_5bih6845-150x150.jpg\" alt=\"grand-princess-refit-bahamas-restauro-restoration-diego-bormida-artist-07_5bih6845\" \/><\/figure><\/a><\/div>\t\t\t<\/div>\n\t\t\t\t\t\t\t\t\t\t\t\t<div class=\"elementor-swiper-button elementor-swiper-button-prev\" role=\"button\" tabindex=\"0\">\n\t\t\t\t\t\t<i aria-hidden=\"true\" class=\"eicon-chevron-left\"><\/i>\t\t\t\t\t<\/div>\n\t\t\t\t\t<div class=\"elementor-swiper-button elementor-swiper-button-next\" role=\"button\" tabindex=\"0\">\n\t\t\t\t\t\t<i aria-hidden=\"true\" class=\"eicon-chevron-right\"><\/i>\t\t\t\t\t<\/div>\n\t\t\t\t\n\t\t\t\t\t\t\t\t\t<div class=\"swiper-pagination\"><\/div>\n\t\t\t\t\t\t\t\t\t<\/div>\n\t\t\t\t\t\t<\/div>\n\t\t\t\t<\/div>\n\t\t\t\t\t<\/div>\n\t\t<\/div>\n\t\t\t\t\t<\/div>\n\t\t<\/section>\n\t\t\t\t<\/div>\n\t\t","protected":false},"excerpt":{"rendered":"<p>Grand Princess Refit &#8211; Bahamas Grand Princess\u00a0is a\u00a0Grand-class\u00a0cruise ship\u00a0owned by\u00a0Princess Cruises. It was built in 1998 by\u00a0Fincantieri\u00a0Cantieri Navali Italiani in\u00a0Monfalcone,&hellip;<\/p>\n","protected":false},"author":1,"featured_media":2927,"parent":0,"menu_order":0,"comment_status":"closed","ping_status":"closed","template":"","meta":{"footnotes":""},"class_list":["post-2250","page","type-page","status-publish","has-post-thumbnail","hentry"],"_links":{"self":[{"href":"https:\/\/diegobormida.com\/OLD\/wp-json\/wp\/v2\/pages\/2250","targetHints":{"allow":["GET"]}}],"collection":[{"href":"https:\/\/diegobormida.com\/OLD\/wp-json\/wp\/v2\/pages"}],"about":[{"href":"https:\/\/diegobormida.com\/OLD\/wp-json\/wp\/v2\/types\/page"}],"author":[{"embeddable":true,"href":"https:\/\/diegobormida.com\/OLD\/wp-json\/wp\/v2\/users\/1"}],"replies":[{"embeddable":true,"href":"https:\/\/diegobormida.com\/OLD\/wp-json\/wp\/v2\/comments?post=2250"}],"version-history":[{"count":22,"href":"https:\/\/diegobormida.com\/OLD\/wp-json\/wp\/v2\/pages\/2250\/revisions"}],"predecessor-version":[{"id":4174,"href":"https:\/\/diegobormida.com\/OLD\/wp-json\/wp\/v2\/pages\/2250\/revisions\/4174"}],"wp:featuredmedia":[{"embeddable":true,"href":"https:\/\/diegobormida.com\/OLD\/wp-json\/wp\/v2\/media\/2927"}],"wp:attachment":[{"href":"https:\/\/diegobormida.com\/OLD\/wp-json\/wp\/v2\/media?parent=2250"}],"curies":[{"name":"wp","href":"https:\/\/api.w.org\/{rel}","templated":true}]}}