{"id":2268,"date":"2020-01-23T15:34:18","date_gmt":"2020-01-23T15:34:18","guid":{"rendered":"http:\/\/diegobormida.com\/?page_id=2268"},"modified":"2020-07-25T12:19:26","modified_gmt":"2020-07-25T12:19:26","slug":"resina-epossidica","status":"publish","type":"page","link":"https:\/\/diegobormida.com\/OLD\/resina-epossidica\/","title":{"rendered":"Resina Epossidica"},"content":{"rendered":"\t\t<div data-elementor-type=\"wp-page\" data-elementor-id=\"2268\" class=\"elementor elementor-2268\">\n\t\t\t\t\t\t<section class=\"elementor-section elementor-top-section elementor-element elementor-element-897ae98 elementor-section-boxed elementor-section-height-default elementor-section-height-default\" data-id=\"897ae98\" data-element_type=\"section\" data-e-type=\"section\">\n\t\t\t\t\t\t<div class=\"elementor-container elementor-column-gap-default\">\n\t\t\t\t\t<div class=\"elementor-column elementor-col-100 elementor-top-column elementor-element elementor-element-ef08325\" data-id=\"ef08325\" data-element_type=\"column\" data-e-type=\"column\">\n\t\t\t<div class=\"elementor-widget-wrap elementor-element-populated\">\n\t\t\t\t\t\t<div class=\"elementor-element elementor-element-3c103ac elementor-widget elementor-widget-heading\" data-id=\"3c103ac\" data-element_type=\"widget\" data-e-type=\"widget\" data-settings=\"{&quot;_animation&quot;:&quot;none&quot;}\" data-widget_type=\"heading.default\">\n\t\t\t\t<div class=\"elementor-widget-container\">\n\t\t\t\t\t<h1 class=\"elementor-heading-title elementor-size-default\">Pavimenti in resina Epossidica<\/h1>\t\t\t\t<\/div>\n\t\t\t\t<\/div>\n\t\t\t\t\t<\/div>\n\t\t<\/div>\n\t\t\t\t\t<\/div>\n\t\t<\/section>\n\t\t\t\t<section class=\"elementor-section elementor-top-section elementor-element elementor-element-2969b40 elementor-section-full_width elementor-section-height-default elementor-section-height-default\" data-id=\"2969b40\" data-element_type=\"section\" data-e-type=\"section\">\n\t\t\t\t\t\t<div class=\"elementor-container elementor-column-gap-default\">\n\t\t\t\t\t<div class=\"elementor-column elementor-col-100 elementor-top-column elementor-element elementor-element-91e5d43\" data-id=\"91e5d43\" data-element_type=\"column\" data-e-type=\"column\">\n\t\t\t<div class=\"elementor-widget-wrap elementor-element-populated\">\n\t\t\t\t\t\t<div class=\"elementor-element elementor-element-62721a4 elementor-widget__width-inherit elementor-widget elementor-widget-text-editor\" data-id=\"62721a4\" data-element_type=\"widget\" data-e-type=\"widget\" data-widget_type=\"text-editor.default\">\n\t\t\t\t<div class=\"elementor-widget-container\">\n\t\t\t\t\t\t\t\t\t<p>La caratteristica di duttilit\u00e0 dei materiali resiniferi potrebbe senz\u2019altro spiegare il successo e la diffusione dei pavimenti in resina. <br \/>In generale, le pavimentazioni a base di resine si presentano con una superficie continua e perfettamente liscia che consente di coprire ampie metrature senza la necessit\u00e0 di marcare giunti, a differenza di quanto avviene, ad esempio, nei pavimenti in cemento industriale.<br \/>Rispetto a questi non presentano neppure le frequenti crepe e fessure dovute al ritiro del materiale in fase di asciugatura. <br \/>Le resine infatti non contengono acqua e pertanto non si riducono di volume.<br \/>Il successo dei pavimenti in resina \u00e8 sicuramente legato anche alla possibilit\u00e0 di rinnovare completamente l\u2019immagine di un ambiente senza dover ricorrere a pesanti e profonde opere di rimozione dei pavimenti e dei sottofondi esistenti, con un notevole risparmio di costi e dei tempi di esecuzione.<br \/>Grazie al sottile spessore dei manti in resina non si deve neppure ricorrere al taglio di porte ed infissi esistenti. La posa pu\u00f2 essere eseguita su qualsiasi superficie, cemento, pietra, piastrelle, purch\u00e9 stabile, perfettamente liscia e priva di umidit\u00e0.<br \/>Questa caratteristica ne ha favorito la rapida diffusione, per esempio, nella ristrutturazione di abitazioni private e negozi<\/p>\t\t\t\t\t\t\t\t<\/div>\n\t\t\t\t<\/div>\n\t\t\t\t\t<\/div>\n\t\t<\/div>\n\t\t\t\t\t<\/div>\n\t\t<\/section>\n\t\t\t\t<section class=\"elementor-section elementor-top-section elementor-element elementor-element-bb47504 elementor-section-full_width elementor-section-height-default elementor-section-height-default\" data-id=\"bb47504\" data-element_type=\"section\" data-e-type=\"section\" data-settings=\"{&quot;background_background&quot;:&quot;slideshow&quot;,&quot;background_slideshow_gallery&quot;:[],&quot;background_slideshow_loop&quot;:&quot;yes&quot;,&quot;background_slideshow_slide_duration&quot;:5000,&quot;background_slideshow_slide_transition&quot;:&quot;fade&quot;,&quot;background_slideshow_transition_duration&quot;:500}\">\n\t\t\t\t\t\t<div class=\"elementor-container elementor-column-gap-default\">\n\t\t\t\t\t<div class=\"elementor-column elementor-col-100 elementor-top-column elementor-element elementor-element-c0247be\" data-id=\"c0247be\" data-element_type=\"column\" data-e-type=\"column\">\n\t\t\t<div class=\"elementor-widget-wrap elementor-element-populated\">\n\t\t\t\t\t\t<div class=\"elementor-element elementor-element-dc9b0a4 elementor-arrows-position-inside elementor-pagination-position-outside elementor-widget elementor-widget-image-carousel\" data-id=\"dc9b0a4\" data-element_type=\"widget\" data-e-type=\"widget\" data-settings=\"{&quot;slides_to_show&quot;:&quot;10&quot;,&quot;slides_to_scroll&quot;:&quot;5&quot;,&quot;navigation&quot;:&quot;both&quot;,&quot;autoplay&quot;:&quot;yes&quot;,&quot;pause_on_hover&quot;:&quot;yes&quot;,&quot;pause_on_interaction&quot;:&quot;yes&quot;,&quot;autoplay_speed&quot;:5000,&quot;infinite&quot;:&quot;yes&quot;,&quot;speed&quot;:500,&quot;image_spacing_custom&quot;:{&quot;unit&quot;:&quot;px&quot;,&quot;size&quot;:20,&quot;sizes&quot;:[]},&quot;image_spacing_custom_tablet&quot;:{&quot;unit&quot;:&quot;px&quot;,&quot;size&quot;:&quot;&quot;,&quot;sizes&quot;:[]},&quot;image_spacing_custom_mobile&quot;:{&quot;unit&quot;:&quot;px&quot;,&quot;size&quot;:&quot;&quot;,&quot;sizes&quot;:[]}}\" data-widget_type=\"image-carousel.default\">\n\t\t\t\t<div class=\"elementor-widget-container\">\n\t\t\t\t\t\t\t<div class=\"elementor-image-carousel-wrapper swiper\" role=\"region\" aria-roledescription=\"carousel\" aria-label=\"Carosello d&#039;immagini\" dir=\"ltr\">\n\t\t\t<div class=\"elementor-image-carousel swiper-wrapper swiper-image-stretch\" aria-live=\"off\">\n\t\t\t\t\t\t\t\t<div class=\"swiper-slide\" role=\"group\" aria-roledescription=\"slide\" aria-label=\"1 di 8\"><a data-elementor-open-lightbox=\"yes\" data-elementor-lightbox-slideshow=\"dc9b0a4\" data-e-action-hash=\"#elementor-action%3Aaction%3Dlightbox%26settings%3DeyJpZCI6MjI4MywidXJsIjoiaHR0cHM6XC9cL2RpZWdvYm9ybWlkYS5jb21cL09MRFwvd3AtY29udGVudFwvdXBsb2Fkc1wvMjAyMFwvMDFcL3Jlc2luYS1hcnRpc3RpY2EtZXBvc3NpZGljYS1pbnRlcmlvci1kZXNpZ24tZXBveHktYXJ0aXN0aWMtZmxvb3ItYXV0b2xpdmVsLmpwZyIsInNsaWRlc2hvdyI6ImRjOWIwYTQifQ%3D%3D\" href=\"https:\/\/diegobormida.com\/OLD\/wp-content\/uploads\/2020\/01\/resina-artistica-epossidica-interior-design-epoxy-artistic-floor-autolivel.jpg\"><figure class=\"swiper-slide-inner\"><img decoding=\"async\" class=\"swiper-slide-image\" src=\"https:\/\/diegobormida.com\/OLD\/wp-content\/uploads\/2020\/01\/resina-artistica-epossidica-interior-design-epoxy-artistic-floor-autolivel-150x150.jpg\" alt=\"resina-artistica-epossidica-interior-design-epoxy-artistic-floor-autolivel\" \/><\/figure><\/a><\/div><div class=\"swiper-slide\" role=\"group\" aria-roledescription=\"slide\" aria-label=\"2 di 8\"><a data-elementor-open-lightbox=\"yes\" data-elementor-lightbox-slideshow=\"dc9b0a4\" data-e-action-hash=\"#elementor-action%3Aaction%3Dlightbox%26settings%3DeyJpZCI6MjI4MCwidXJsIjoiaHR0cHM6XC9cL2RpZWdvYm9ybWlkYS5jb21cL09MRFwvd3AtY29udGVudFwvdXBsb2Fkc1wvMjAyMFwvMDFcL3Jlc2luYS1hcnRpc3RpY2EtZXBvc3NpZGljYS1iYWduby1kb2NjaWEtaW50ZXJpb3ItZGVzaWduLWVwb3h5LWFydGlzdC0xLmpwZyIsInNsaWRlc2hvdyI6ImRjOWIwYTQifQ%3D%3D\" href=\"https:\/\/diegobormida.com\/OLD\/wp-content\/uploads\/2020\/01\/resina-artistica-epossidica-bagno-doccia-interior-design-epoxy-artist-1.jpg\"><figure class=\"swiper-slide-inner\"><img decoding=\"async\" class=\"swiper-slide-image\" src=\"https:\/\/diegobormida.com\/OLD\/wp-content\/uploads\/2020\/01\/resina-artistica-epossidica-bagno-doccia-interior-design-epoxy-artist-1-150x150.jpg\" alt=\"resina-artistica-epossidica-bagno-doccia-interior-design-epoxy-artist-1\" \/><\/figure><\/a><\/div><div class=\"swiper-slide\" role=\"group\" aria-roledescription=\"slide\" aria-label=\"3 di 8\"><a data-elementor-open-lightbox=\"yes\" data-elementor-lightbox-slideshow=\"dc9b0a4\" data-e-action-hash=\"#elementor-action%3Aaction%3Dlightbox%26settings%3DeyJpZCI6MjI3OSwidXJsIjoiaHR0cHM6XC9cL2RpZWdvYm9ybWlkYS5jb21cL09MRFwvd3AtY29udGVudFwvdXBsb2Fkc1wvMjAyMFwvMDFcL2RpZWdvLWJvcm1pZGEtYXJ0aXN0LWVwb3h5LWVwb3NzaWRpY2EtcmVzaW5hLXBhdmltZW50by1vcm8tYnJvbnpvLWdsaXR0ZXItZ29sZC5qcGciLCJzbGlkZXNob3ciOiJkYzliMGE0In0%3D\" href=\"https:\/\/diegobormida.com\/OLD\/wp-content\/uploads\/2020\/01\/diego-bormida-artist-epoxy-epossidica-resina-pavimento-oro-bronzo-glitter-gold.jpg\"><figure class=\"swiper-slide-inner\"><img decoding=\"async\" class=\"swiper-slide-image\" src=\"https:\/\/diegobormida.com\/OLD\/wp-content\/uploads\/2020\/01\/diego-bormida-artist-epoxy-epossidica-resina-pavimento-oro-bronzo-glitter-gold-150x150.jpg\" alt=\"diego-bormida-artist-epoxy-epossidica-resina-pavimento-oro-bronzo-glitter-gold\" \/><\/figure><\/a><\/div><div class=\"swiper-slide\" role=\"group\" aria-roledescription=\"slide\" aria-label=\"4 di 8\"><a data-elementor-open-lightbox=\"yes\" data-elementor-lightbox-slideshow=\"dc9b0a4\" data-e-action-hash=\"#elementor-action%3Aaction%3Dlightbox%26settings%3DeyJpZCI6MjI3OCwidXJsIjoiaHR0cHM6XC9cL2RpZWdvYm9ybWlkYS5jb21cL09MRFwvd3AtY29udGVudFwvdXBsb2Fkc1wvMjAyMFwvMDFcL2RpZWdvLWJvcm1pZGEtYXJ0aXN0LWVwb3h5LWVwb3NzaWRpY2EtcmVuaW5hLXBhdmltZW50by1vcm8tYnJvbnpvLWdsaXR0ZXItZ29sZC5qcGciLCJzbGlkZXNob3ciOiJkYzliMGE0In0%3D\" href=\"https:\/\/diegobormida.com\/OLD\/wp-content\/uploads\/2020\/01\/diego-bormida-artist-epoxy-epossidica-renina-pavimento-oro-bronzo-glitter-gold.jpg\"><figure class=\"swiper-slide-inner\"><img decoding=\"async\" class=\"swiper-slide-image\" src=\"https:\/\/diegobormida.com\/OLD\/wp-content\/uploads\/2020\/01\/diego-bormida-artist-epoxy-epossidica-renina-pavimento-oro-bronzo-glitter-gold-150x150.jpg\" alt=\"diego-bormida-artist-epoxy-epossidica-renina-pavimento-oro-bronzo-glitter-gold\" \/><\/figure><\/a><\/div><div class=\"swiper-slide\" role=\"group\" aria-roledescription=\"slide\" aria-label=\"5 di 8\"><a data-elementor-open-lightbox=\"yes\" data-elementor-lightbox-slideshow=\"dc9b0a4\" data-e-action-hash=\"#elementor-action%3Aaction%3Dlightbox%26settings%3DeyJpZCI6MjI3NywidXJsIjoiaHR0cHM6XC9cL2RpZWdvYm9ybWlkYS5jb21cL09MRFwvd3AtY29udGVudFwvdXBsb2Fkc1wvMjAyMFwvMDFcL2RpZWdvLWJvcm1pZGEtYXJ0aXN0LWVwb3h5LWVwb3NzaWRpY2EtcmVuaW5hLXBhdmltZW50by1vcm8tYnJvbnpvLWdsaXR0ZXItMi5qcGciLCJzbGlkZXNob3ciOiJkYzliMGE0In0%3D\" href=\"https:\/\/diegobormida.com\/OLD\/wp-content\/uploads\/2020\/01\/diego-bormida-artist-epoxy-epossidica-renina-pavimento-oro-bronzo-glitter-2.jpg\"><figure class=\"swiper-slide-inner\"><img decoding=\"async\" class=\"swiper-slide-image\" src=\"https:\/\/diegobormida.com\/OLD\/wp-content\/uploads\/2020\/01\/diego-bormida-artist-epoxy-epossidica-renina-pavimento-oro-bronzo-glitter-2-150x150.jpg\" alt=\"diego-bormida-artist-epoxy-epossidica-renina-pavimento-oro-bronzo-glitter-2\" \/><\/figure><\/a><\/div><div class=\"swiper-slide\" role=\"group\" aria-roledescription=\"slide\" aria-label=\"6 di 8\"><a data-elementor-open-lightbox=\"yes\" data-elementor-lightbox-slideshow=\"dc9b0a4\" data-e-action-hash=\"#elementor-action%3Aaction%3Dlightbox%26settings%3DeyJpZCI6MjI3NiwidXJsIjoiaHR0cHM6XC9cL2RpZWdvYm9ybWlkYS5jb21cL09MRFwvd3AtY29udGVudFwvdXBsb2Fkc1wvMjAyMFwvMDFcL2RpZWdvLWJvcm1pZGEtYXJ0aXN0LWVwb3h5LWVwb3NzaWRpY2EtcmVuaW5hLXBhdmltZW50by1vcm8tYnJvbnpvLWdsaXR0ZXItMS5qcGciLCJzbGlkZXNob3ciOiJkYzliMGE0In0%3D\" href=\"https:\/\/diegobormida.com\/OLD\/wp-content\/uploads\/2020\/01\/diego-bormida-artist-epoxy-epossidica-renina-pavimento-oro-bronzo-glitter-1.jpg\"><figure class=\"swiper-slide-inner\"><img decoding=\"async\" class=\"swiper-slide-image\" src=\"https:\/\/diegobormida.com\/OLD\/wp-content\/uploads\/2020\/01\/diego-bormida-artist-epoxy-epossidica-renina-pavimento-oro-bronzo-glitter-1-150x150.jpg\" alt=\"diego-bormida-artist-epoxy-epossidica-renina-pavimento-oro-bronzo-glitter-1\" \/><\/figure><\/a><\/div><div class=\"swiper-slide\" role=\"group\" aria-roledescription=\"slide\" aria-label=\"7 di 8\"><a data-elementor-open-lightbox=\"yes\" data-elementor-lightbox-slideshow=\"dc9b0a4\" data-e-action-hash=\"#elementor-action%3Aaction%3Dlightbox%26settings%3DeyJpZCI6MjI4MiwidXJsIjoiaHR0cHM6XC9cL2RpZWdvYm9ybWlkYS5jb21cL09MRFwvd3AtY29udGVudFwvdXBsb2Fkc1wvMjAyMFwvMDFcL3Jlc2luYS1hcnRpc3RpY2EtZXBvc3NpZGljYS1iYWduby1kb2NjaWEtaW50ZXJpb3ItZGVzaWduLWVwb3h5LWFydGlzdGljLWZsb29yLTA0LmpwZyIsInNsaWRlc2hvdyI6ImRjOWIwYTQifQ%3D%3D\" href=\"https:\/\/diegobormida.com\/OLD\/wp-content\/uploads\/2020\/01\/resina-artistica-epossidica-bagno-doccia-interior-design-epoxy-artistic-floor-04.jpg\"><figure class=\"swiper-slide-inner\"><img decoding=\"async\" class=\"swiper-slide-image\" src=\"https:\/\/diegobormida.com\/OLD\/wp-content\/uploads\/2020\/01\/resina-artistica-epossidica-bagno-doccia-interior-design-epoxy-artistic-floor-04-150x150.jpg\" alt=\"resina-artistica-epossidica-bagno-doccia-interior-design-epoxy-artistic-floor-04\" \/><\/figure><\/a><\/div><div class=\"swiper-slide\" role=\"group\" aria-roledescription=\"slide\" aria-label=\"8 di 8\"><a data-elementor-open-lightbox=\"yes\" data-elementor-lightbox-slideshow=\"dc9b0a4\" data-e-action-hash=\"#elementor-action%3Aaction%3Dlightbox%26settings%3DeyJpZCI6MjI4MSwidXJsIjoiaHR0cHM6XC9cL2RpZWdvYm9ybWlkYS5jb21cL09MRFwvd3AtY29udGVudFwvdXBsb2Fkc1wvMjAyMFwvMDFcL3Jlc2luYS1hcnRpc3RpY2EtZXBvc3NpZGljYS1iYWduby1kb2NjaWEtaW50ZXJpb3ItZGVzaWduLWVwb3h5LWFydGlzdGljLWYuanBnIiwic2xpZGVzaG93IjoiZGM5YjBhNCJ9\" href=\"https:\/\/diegobormida.com\/OLD\/wp-content\/uploads\/2020\/01\/resina-artistica-epossidica-bagno-doccia-interior-design-epoxy-artistic-f.jpg\"><figure class=\"swiper-slide-inner\"><img decoding=\"async\" class=\"swiper-slide-image\" src=\"https:\/\/diegobormida.com\/OLD\/wp-content\/uploads\/2020\/01\/resina-artistica-epossidica-bagno-doccia-interior-design-epoxy-artistic-f-150x150.jpg\" alt=\"resina-artistica-epossidica-bagno-doccia-interior-design-epoxy-artistic-f\" \/><\/figure><\/a><\/div>\t\t\t<\/div>\n\t\t\t\t\t\t\t\t\t\t\t\t<div class=\"elementor-swiper-button elementor-swiper-button-prev\" role=\"button\" tabindex=\"0\">\n\t\t\t\t\t\t<i aria-hidden=\"true\" class=\"eicon-chevron-left\"><\/i>\t\t\t\t\t<\/div>\n\t\t\t\t\t<div class=\"elementor-swiper-button elementor-swiper-button-next\" role=\"button\" tabindex=\"0\">\n\t\t\t\t\t\t<i aria-hidden=\"true\" class=\"eicon-chevron-right\"><\/i>\t\t\t\t\t<\/div>\n\t\t\t\t\n\t\t\t\t\t\t\t\t\t<div class=\"swiper-pagination\"><\/div>\n\t\t\t\t\t\t\t\t\t<\/div>\n\t\t\t\t\t\t<\/div>\n\t\t\t\t<\/div>\n\t\t\t\t\t<\/div>\n\t\t<\/div>\n\t\t\t\t\t<\/div>\n\t\t<\/section>\n\t\t\t\t<section class=\"elementor-section elementor-top-section elementor-element elementor-element-a81704f elementor-section-boxed elementor-section-height-default elementor-section-height-default\" data-id=\"a81704f\" data-element_type=\"section\" data-e-type=\"section\">\n\t\t\t\t\t\t<div class=\"elementor-container elementor-column-gap-default\">\n\t\t\t\t\t<div class=\"elementor-column elementor-col-100 elementor-top-column elementor-element elementor-element-95a517b\" data-id=\"95a517b\" data-element_type=\"column\" data-e-type=\"column\">\n\t\t\t<div class=\"elementor-widget-wrap\">\n\t\t\t\t\t\t\t<\/div>\n\t\t<\/div>\n\t\t\t\t\t<\/div>\n\t\t<\/section>\n\t\t\t\t<\/div>\n\t\t","protected":false},"excerpt":{"rendered":"<p>Pavimenti in resina Epossidica La caratteristica di duttilit\u00e0 dei materiali resiniferi potrebbe senz\u2019altro spiegare il successo e la diffusione dei&hellip;<\/p>\n","protected":false},"author":1,"featured_media":2927,"parent":0,"menu_order":0,"comment_status":"closed","ping_status":"closed","template":"","meta":{"footnotes":""},"class_list":["post-2268","page","type-page","status-publish","has-post-thumbnail","hentry"],"_links":{"self":[{"href":"https:\/\/diegobormida.com\/OLD\/wp-json\/wp\/v2\/pages\/2268","targetHints":{"allow":["GET"]}}],"collection":[{"href":"https:\/\/diegobormida.com\/OLD\/wp-json\/wp\/v2\/pages"}],"about":[{"href":"https:\/\/diegobormida.com\/OLD\/wp-json\/wp\/v2\/types\/page"}],"author":[{"embeddable":true,"href":"https:\/\/diegobormida.com\/OLD\/wp-json\/wp\/v2\/users\/1"}],"replies":[{"embeddable":true,"href":"https:\/\/diegobormida.com\/OLD\/wp-json\/wp\/v2\/comments?post=2268"}],"version-history":[{"count":19,"href":"https:\/\/diegobormida.com\/OLD\/wp-json\/wp\/v2\/pages\/2268\/revisions"}],"predecessor-version":[{"id":3236,"href":"https:\/\/diegobormida.com\/OLD\/wp-json\/wp\/v2\/pages\/2268\/revisions\/3236"}],"wp:featuredmedia":[{"embeddable":true,"href":"https:\/\/diegobormida.com\/OLD\/wp-json\/wp\/v2\/media\/2927"}],"wp:attachment":[{"href":"https:\/\/diegobormida.com\/OLD\/wp-json\/wp\/v2\/media?parent=2268"}],"curies":[{"name":"wp","href":"https:\/\/api.w.org\/{rel}","templated":true}]}}